{"id":318,"date":"2016-08-23T08:54:21","date_gmt":"2016-08-23T08:54:21","guid":{"rendered":"http:\/\/gites-stoffel.fr\/?page_id=318&#038;lang=en"},"modified":"2025-04-02T14:48:16","modified_gmt":"2025-04-02T14:48:16","slug":"rate","status":"publish","type":"page","link":"https:\/\/gites-stoffel.fr\/en\/rate\/","title":{"rendered":"Rate"},"content":{"rendered":"<p><div class=\"fusion-fullwidth fullwidth-box fusion-builder-row-1 nonhundred-percent-fullwidth non-hundred-percent-height-scrolling\" style=\"--awb-background-position:left top;--awb-border-sizes-top:0px;--awb-border-sizes-bottom:0px;--awb-border-sizes-left:0px;--awb-border-sizes-right:0px;--awb-border-radius-top-left:0px;--awb-border-radius-top-right:0px;--awb-border-radius-bottom-right:0px;--awb-border-radius-bottom-left:0px;--awb-padding-top:20px;--awb-padding-bottom:20px;\" ><div class=\"fusion-builder-row fusion-row\"><div class=\"fusion-layout-column fusion_builder_column fusion-builder-column-0 fusion_builder_column_1_1 1_1 fusion-one-full fusion-column-first fusion-column-last fusion-column-no-min-height\" style=\"--awb-bg-blend:overlay;--awb-bg-size:cover;--awb-margin-top:0px;--awb-margin-bottom:0px;\"><div class=\"fusion-column-wrapper fusion-flex-column-wrapper-legacy\"><div class=\"fusion-text fusion-text-1\"><h2 style=\"color: #3cbadd; text-align: center;\"><strong>Prices 2025:<\/strong><\/h2>\n<p style=\"text-align: center;\"><strong>(For special cases: please feel free to call us to visit the house).<\/strong><\/p>\n<\/div><div class=\"fusion-text fusion-text-2\"><div class=\"table-1\" style=\"margin: 0 auto; width: 100%; max-width: 866px;\">\n<table style=\"width: 100%; height: auto; border-collapse: collapse;\">\n<thead>\n<tr>\n<th style=\"text-align: center; padding: 10px; background-color: #f4f4f4;\"><strong><span style=\"color: #800080;\">In Guest Apartment:<\/span> On the 1st Floor<\/strong><br \/>\n<strong><span style=\"color: #800080;\">With breakfast<\/span>, beds made, towels provided.<\/strong><\/th>\n<th style=\"text-align: center; padding: 10px; background-color: #f4f4f4;\"><strong>Prices Including VAT<\/strong><\/th>\n<th style=\"text-align: center; padding: 10px; background-color: #f4f4f4;\"><span style=\"color: #800080;\"><strong>Furnished Cottage without Breakfast<\/strong><\/span><br \/>\n<strong><span style=\"color: #ff9900;\">On the 2nd Floor (2 adults and 2 children)<\/span>, towels and bed linens provided.<\/strong><\/th>\n<th style=\"text-align: center; padding: 10px; background-color: #f4f4f4;\"><strong>Prices Including VAT<\/strong><\/th>\n<\/tr>\n<\/thead>\n<tbody>\n<tr>\n<td style=\"text-align: center; padding: 10px;\"><strong>Single Room per Night<\/strong><\/td>\n<td style=\"text-align: center; padding: 10px;\"><strong><span style=\"color: #3cbadd;\">\u20ac50<\/span><\/strong><\/td>\n<td style=\"text-align: center; padding: 10px;\"><strong>Rate per Adult per Night<\/strong><br \/>\n<strong>Rate for Children up to 12 Years<\/strong><\/td>\n<td style=\"text-align: center; padding: 10px;\"><strong><span style=\"color: #3cbadd;\">\u20ac42<\/span><\/strong><br \/>\n<strong><span style=\"color: #3cbadd;\">\u20ac30<\/span><\/strong><\/td>\n<\/tr>\n<tr>\n<td style=\"text-align: center; padding: 10px;\"><strong>Double Room for 2 People per Night<\/strong><\/td>\n<td style=\"text-align: center; padding: 10px;\"><strong><span style=\"color: #3cbadd;\">\u20ac95<\/span><\/strong><\/td>\n<td style=\"text-align: center; padding: 10px;\"><strong>One Week (7 days) in Summer<\/strong><br \/>\n<strong>One Week (7 days) in Winter<\/strong><\/td>\n<td style=\"text-align: center; padding: 10px;\"><strong><span style=\"color: #3cbadd;\">\u20ac504<\/span><\/strong><br \/>\n<strong><span style=\"color: #3cbadd;\">\u20ac680<\/span><\/strong><\/td>\n<\/tr>\n<tr>\n<td style=\"text-align: center; padding: 10px;\"><strong>Tourist Tax<\/strong><\/td>\n<td style=\"text-align: center; padding: 10px;\"><strong><span style=\"color: #3cbadd;\">Included<\/span><\/strong><\/td>\n<td style=\"text-align: center; padding: 10px;\"><strong>Tourist Tax <span style=\"color: #ff9900;\">in addition to the total bill<\/span><\/strong><\/td>\n<td style=\"text-align: center; padding: 10px;\"><strong><span style=\"color: #3cbadd;\">3%<\/span><\/strong><\/td>\n<\/tr>\n<\/tbody>\n<\/table>\n<\/div>\n<\/div><div class=\"fusion-text fusion-text-3\"><h3 style=\"text-align: center;\"><strong><span style=\"color: #800080;\">Payments: By Check or Cash<\/span><\/strong><\/h3>\n<\/div><div class=\"fusion-clearfix\"><\/div><\/div><\/div><\/div><\/div><div class=\"fusion-fullwidth fullwidth-box fusion-builder-row-2 nonhundred-percent-fullwidth non-hundred-percent-height-scrolling\" style=\"--awb-background-position:left top;--awb-border-sizes-top:0px;--awb-border-sizes-bottom:0px;--awb-border-sizes-left:0px;--awb-border-sizes-right:0px;--awb-border-radius-top-left:0px;--awb-border-radius-top-right:0px;--awb-border-radius-bottom-right:0px;--awb-border-radius-bottom-left:0px;--awb-padding-top:00px;--awb-padding-bottom:20px;\" ><div class=\"fusion-builder-row fusion-row\"><div class=\"fusion-layout-column fusion_builder_column fusion-builder-column-1 fusion_builder_column_1_1 1_1 fusion-one-full fusion-column-first fusion-column-last\" style=\"--awb-bg-blend:overlay;--awb-bg-size:cover;\"><div class=\"fusion-column-wrapper fusion-flex-column-wrapper-legacy\"><div class=\"fusion-aligncenter\"><a class=\"fusion-button button-flat button-xlarge button-custom fusion-button-default button-1 fusion-button-default-span fusion-button-default-type\" style=\"--button_accent_color:#ffffff;--button_accent_hover_color:#ffffff;--button_border_hover_color:#ffffff;--button_gradient_top_color:#3bbadd;--button_gradient_bottom_color:#3bbadd;--button_gradient_top_color_hover:#007dc1;--button_gradient_bottom_color_hover:#007dc1;\" target=\"_self\" href=\"https:\/\/gites-stoffel.fr\/en\/contact-us\/\"><span class=\"fusion-button-text\">Book<\/span><\/a><\/div><div class=\"fusion-clearfix\"><\/div><\/div><\/div><\/div><\/div><\/p>\n","protected":false},"excerpt":{"rendered":"","protected":false},"author":1,"featured_media":0,"parent":0,"menu_order":0,"comment_status":"closed","ping_status":"closed","template":"100-width.php","meta":{"jetpack_post_was_ever_published":false,"footnotes":""},"class_list":["post-318","page","type-page","status-publish","hentry"],"yoast_head":"<!-- This site is optimized with the Yoast SEO plugin v25.1 - https:\/\/yoast.com\/wordpress\/plugins\/seo\/ -->\n<title>Rate - G\u00eetes d&#039;Alsace Stoffel<\/title>\n<meta name=\"robots\" content=\"index, follow, max-snippet:-1, max-image-preview:large, max-video-preview:-1\" \/>\n<link rel=\"canonical\" href=\"https:\/\/gites-stoffel.fr\/en\/rate\/\" \/>\n<meta property=\"og:locale\" content=\"en_US\" \/>\n<meta property=\"og:type\" content=\"article\" \/>\n<meta property=\"og:title\" content=\"Rate - G\u00eetes d&#039;Alsace Stoffel\" \/>\n<meta property=\"og:url\" content=\"https:\/\/gites-stoffel.fr\/en\/rate\/\" \/>\n<meta property=\"og:site_name\" content=\"G\u00eetes d&#039;Alsace Stoffel\" \/>\n<meta property=\"article:modified_time\" content=\"2025-04-02T14:48:16+00:00\" \/>\n<meta name=\"twitter:card\" content=\"summary_large_image\" \/>\n<meta name=\"twitter:label1\" content=\"Est. reading time\" \/>\n\t<meta name=\"twitter:data1\" content=\"3 minutes\" \/>\n<script type=\"application\/ld+json\" class=\"yoast-schema-graph\">{\"@context\":\"https:\/\/schema.org\",\"@graph\":[{\"@type\":\"WebPage\",\"@id\":\"https:\/\/gites-stoffel.fr\/en\/rate\/\",\"url\":\"https:\/\/gites-stoffel.fr\/en\/rate\/\",\"name\":\"Rate - G\u00eetes d&#039;Alsace Stoffel\",\"isPartOf\":{\"@id\":\"https:\/\/gites-stoffel.fr\/#website\"},\"datePublished\":\"2016-08-23T08:54:21+00:00\",\"dateModified\":\"2025-04-02T14:48:16+00:00\",\"breadcrumb\":{\"@id\":\"https:\/\/gites-stoffel.fr\/en\/rate\/#breadcrumb\"},\"inLanguage\":\"en-US\",\"potentialAction\":[{\"@type\":\"ReadAction\",\"target\":[\"https:\/\/gites-stoffel.fr\/en\/rate\/\"]}]},{\"@type\":\"BreadcrumbList\",\"@id\":\"https:\/\/gites-stoffel.fr\/en\/rate\/#breadcrumb\",\"itemListElement\":[{\"@type\":\"ListItem\",\"position\":1,\"name\":\"Accueil\",\"item\":\"https:\/\/gites-stoffel.fr\/en\/\"},{\"@type\":\"ListItem\",\"position\":2,\"name\":\"Rate\"}]},{\"@type\":\"WebSite\",\"@id\":\"https:\/\/gites-stoffel.fr\/#website\",\"url\":\"https:\/\/gites-stoffel.fr\/\",\"name\":\"G\u00eetes d&#039;Alsace Stoffel\",\"description\":\"Location g\u00eetes et meubl\u00e9s \u00e0 Dettwiller\",\"potentialAction\":[{\"@type\":\"SearchAction\",\"target\":{\"@type\":\"EntryPoint\",\"urlTemplate\":\"https:\/\/gites-stoffel.fr\/?s={search_term_string}\"},\"query-input\":{\"@type\":\"PropertyValueSpecification\",\"valueRequired\":true,\"valueName\":\"search_term_string\"}}],\"inLanguage\":\"en-US\"}]}<\/script>\n<!-- \/ Yoast SEO plugin. -->","yoast_head_json":{"title":"Rate - G\u00eetes d&#039;Alsace Stoffel","robots":{"index":"index","follow":"follow","max-snippet":"max-snippet:-1","max-image-preview":"max-image-preview:large","max-video-preview":"max-video-preview:-1"},"canonical":"https:\/\/gites-stoffel.fr\/en\/rate\/","og_locale":"en_US","og_type":"article","og_title":"Rate - G\u00eetes d&#039;Alsace Stoffel","og_url":"https:\/\/gites-stoffel.fr\/en\/rate\/","og_site_name":"G\u00eetes d&#039;Alsace Stoffel","article_modified_time":"2025-04-02T14:48:16+00:00","twitter_card":"summary_large_image","twitter_misc":{"Est. reading time":"3 minutes"},"schema":{"@context":"https:\/\/schema.org","@graph":[{"@type":"WebPage","@id":"https:\/\/gites-stoffel.fr\/en\/rate\/","url":"https:\/\/gites-stoffel.fr\/en\/rate\/","name":"Rate - G\u00eetes d&#039;Alsace Stoffel","isPartOf":{"@id":"https:\/\/gites-stoffel.fr\/#website"},"datePublished":"2016-08-23T08:54:21+00:00","dateModified":"2025-04-02T14:48:16+00:00","breadcrumb":{"@id":"https:\/\/gites-stoffel.fr\/en\/rate\/#breadcrumb"},"inLanguage":"en-US","potentialAction":[{"@type":"ReadAction","target":["https:\/\/gites-stoffel.fr\/en\/rate\/"]}]},{"@type":"BreadcrumbList","@id":"https:\/\/gites-stoffel.fr\/en\/rate\/#breadcrumb","itemListElement":[{"@type":"ListItem","position":1,"name":"Accueil","item":"https:\/\/gites-stoffel.fr\/en\/"},{"@type":"ListItem","position":2,"name":"Rate"}]},{"@type":"WebSite","@id":"https:\/\/gites-stoffel.fr\/#website","url":"https:\/\/gites-stoffel.fr\/","name":"G\u00eetes d&#039;Alsace Stoffel","description":"Location g\u00eetes et meubl\u00e9s \u00e0 Dettwiller","potentialAction":[{"@type":"SearchAction","target":{"@type":"EntryPoint","urlTemplate":"https:\/\/gites-stoffel.fr\/?s={search_term_string}"},"query-input":{"@type":"PropertyValueSpecification","valueRequired":true,"valueName":"search_term_string"}}],"inLanguage":"en-US"}]}},"jetpack_sharing_enabled":true,"jetpack_shortlink":"https:\/\/wp.me\/P4n1Om-58","jetpack-related-posts":[],"_links":{"self":[{"href":"https:\/\/gites-stoffel.fr\/en\/wp-json\/wp\/v2\/pages\/318","targetHints":{"allow":["GET"]}}],"collection":[{"href":"https:\/\/gites-stoffel.fr\/en\/wp-json\/wp\/v2\/pages"}],"about":[{"href":"https:\/\/gites-stoffel.fr\/en\/wp-json\/wp\/v2\/types\/page"}],"author":[{"embeddable":true,"href":"https:\/\/gites-stoffel.fr\/en\/wp-json\/wp\/v2\/users\/1"}],"replies":[{"embeddable":true,"href":"https:\/\/gites-stoffel.fr\/en\/wp-json\/wp\/v2\/comments?post=318"}],"version-history":[{"count":12,"href":"https:\/\/gites-stoffel.fr\/en\/wp-json\/wp\/v2\/pages\/318\/revisions"}],"predecessor-version":[{"id":849,"href":"https:\/\/gites-stoffel.fr\/en\/wp-json\/wp\/v2\/pages\/318\/revisions\/849"}],"wp:attachment":[{"href":"https:\/\/gites-stoffel.fr\/en\/wp-json\/wp\/v2\/media?parent=318"}],"curies":[{"name":"wp","href":"https:\/\/api.w.org\/{rel}","templated":true}]}}