{"id":365,"date":"2016-08-23T10:22:55","date_gmt":"2016-08-23T10:22:55","guid":{"rendered":"http:\/\/gites-stoffel.fr\/?page_id=365&#038;lang=de"},"modified":"2025-04-02T14:48:58","modified_gmt":"2025-04-02T14:48:58","slug":"preise","status":"publish","type":"page","link":"https:\/\/gites-stoffel.fr\/de\/preise\/","title":{"rendered":"Preise"},"content":{"rendered":"<p><div class=\"fusion-fullwidth fullwidth-box fusion-builder-row-1 nonhundred-percent-fullwidth non-hundred-percent-height-scrolling\" style=\"--awb-background-position:left top;--awb-border-sizes-top:0px;--awb-border-sizes-bottom:0px;--awb-border-sizes-left:0px;--awb-border-sizes-right:0px;--awb-border-radius-top-left:0px;--awb-border-radius-top-right:0px;--awb-border-radius-bottom-right:0px;--awb-border-radius-bottom-left:0px;--awb-padding-top:20px;--awb-padding-bottom:20px;\" ><div class=\"fusion-builder-row fusion-row\"><div class=\"fusion-layout-column fusion_builder_column fusion-builder-column-0 fusion_builder_column_1_1 1_1 fusion-one-full fusion-column-first fusion-column-last fusion-column-no-min-height\" style=\"--awb-bg-blend:overlay;--awb-bg-size:cover;--awb-margin-top:0px;--awb-margin-bottom:0px;\"><div class=\"fusion-column-wrapper fusion-flex-column-wrapper-legacy\"><div class=\"fusion-text fusion-text-1\"><h2 style=\"color: #3cbadd; text-align: center;\"><strong>Preise 2025:<\/strong><\/h2>\n<p style=\"text-align: center;\"><strong>(F\u00fcr besondere F\u00e4lle: Z\u00f6gern Sie nicht, uns anzurufen, um das Haus zu besichtigen).<\/strong><\/p>\n<\/div><div class=\"fusion-text fusion-text-2\"><div class=\"table-1\" style=\"margin: 0 auto; width: 100%; max-width: 866px;\">\n<table style=\"width: 100%; height: auto; border-collapse: collapse;\">\n<thead>\n<tr>\n<th style=\"text-align: center; padding: 10px; background-color: #f4f4f4;\"><strong><span style=\"color: #800080;\">Im G\u00e4steappartement:<\/span><br \/>\nIm 1. Stock<\/strong><br \/>\n<strong><span style=\"color: #800080;\">Mit Fr\u00fchst\u00fcck<\/span>, Betten bezogen, Handt\u00fccher bereitgestellt.<\/strong><\/th>\n<th style=\"text-align: center; padding: 10px; background-color: #f4f4f4;\"><strong>Preise inkl. MwSt.<\/strong><\/th>\n<th style=\"text-align: center; padding: 10px; background-color: #f4f4f4;\"><span style=\"color: #800080;\"><strong>Voll m\u00f6bliertes Ferienhaus ohne Fr\u00fchst\u00fcck<\/strong><\/span><br \/>\n<strong><span style=\"color: #ff9900;\">Im 2. Stock (2 Erwachsene und 2 Kinder)<\/span>, Handt\u00fccher und Bettw\u00e4sche bereitgestellt.<\/strong><\/th>\n<th style=\"text-align: center; padding: 10px; background-color: #f4f4f4;\"><strong>Preise inkl. MwSt.<\/strong><\/th>\n<\/tr>\n<\/thead>\n<tbody>\n<tr>\n<td style=\"text-align: center; padding: 10px;\"><strong>Einzelzimmer pro Nacht<\/strong><\/td>\n<td style=\"text-align: center; padding: 10px;\"><strong><span style=\"color: #3cbadd;\">50 \u20ac<\/span><\/strong><\/td>\n<td style=\"text-align: center; padding: 10px;\"><strong>Preis pro Erwachsenem und Nacht<\/strong><br \/>\n<strong>Preis f\u00fcr Kinder bis 12 Jahre<\/strong><\/td>\n<td style=\"text-align: center; padding: 10px;\"><strong><span style=\"color: #3cbadd;\">42 \u20ac<\/span><\/strong><br \/>\n<strong><span style=\"color: #3cbadd;\">30 \u20ac<\/span><\/strong><\/td>\n<\/tr>\n<tr>\n<td style=\"text-align: center; padding: 10px;\"><strong>Doppelzimmer f\u00fcr 2 Personen pro Nacht<\/strong><\/td>\n<td style=\"text-align: center; padding: 10px;\"><strong><span style=\"color: #3cbadd;\">95 \u20ac<\/span><\/strong><\/td>\n<td style=\"text-align: center; padding: 10px;\"><strong>Eine Woche (7 Tage) im Sommer<\/strong><br \/>\n<strong>Eine Woche (7 Tage) im Winter<\/strong><\/td>\n<td style=\"text-align: center; padding: 10px;\"><strong><span style=\"color: #3cbadd;\">504 \u20ac<\/span><\/strong><br \/>\n<strong><span style=\"color: #3cbadd;\">680 \u20ac<\/span><\/strong><\/td>\n<\/tr>\n<tr>\n<td style=\"text-align: center; padding: 10px;\"><strong>Kurtaxe<\/strong><\/td>\n<td style=\"text-align: center; padding: 10px;\"><strong><span style=\"color: #3cbadd;\">Inklusive<\/span><\/strong><\/td>\n<td style=\"text-align: center; padding: 10px;\"><strong>Kurtaxe <span style=\"color: #ff9900;\">zus\u00e4tzlich zur Gesamtrechnung<\/span><\/strong><\/td>\n<td style=\"text-align: center; padding: 10px;\"><strong><span style=\"color: #3cbadd;\">3%<\/span><\/strong><\/td>\n<\/tr>\n<\/tbody>\n<\/table>\n<\/div>\n<\/div><div class=\"fusion-text fusion-text-3\"><h3 style=\"text-align: center;\"><strong><span style=\"color: #800080;\">Zahlungen: Per Scheck oder Bargeld<\/span><\/strong><\/h3>\n<\/div><div class=\"fusion-clearfix\"><\/div><\/div><\/div><\/div><\/div><div class=\"fusion-fullwidth fullwidth-box fusion-builder-row-2 nonhundred-percent-fullwidth non-hundred-percent-height-scrolling\" style=\"--awb-background-position:left top;--awb-border-sizes-top:0px;--awb-border-sizes-bottom:0px;--awb-border-sizes-left:0px;--awb-border-sizes-right:0px;--awb-border-radius-top-left:0px;--awb-border-radius-top-right:0px;--awb-border-radius-bottom-right:0px;--awb-border-radius-bottom-left:0px;--awb-padding-bottom:20px;\" ><div class=\"fusion-builder-row fusion-row\"><div class=\"fusion-layout-column fusion_builder_column fusion-builder-column-1 fusion_builder_column_1_1 1_1 fusion-one-full fusion-column-first fusion-column-last\" style=\"--awb-bg-blend:overlay;--awb-bg-size:cover;\"><div class=\"fusion-column-wrapper fusion-flex-column-wrapper-legacy\"><div class=\"fusion-aligncenter\"><a class=\"fusion-button button-flat button-xlarge button-custom fusion-button-default button-1 fusion-button-default-span fusion-button-default-type\" style=\"--button_accent_color:#ffffff;--button_accent_hover_color:#ffffff;--button_border_hover_color:#ffffff;--button_gradient_top_color:#3bbadd;--button_gradient_bottom_color:#3bbadd;--button_gradient_top_color_hover:#007dc1;--button_gradient_bottom_color_hover:#007dc1;\" target=\"_self\" href=\"https:\/\/gites-stoffel.fr\/de\/adresse\/\"><span class=\"fusion-button-text\">Reservieren<\/span><\/a><\/div><div class=\"fusion-clearfix\"><\/div><\/div><\/div><\/div><\/div><\/p>\n","protected":false},"excerpt":{"rendered":"","protected":false},"author":1,"featured_media":0,"parent":0,"menu_order":0,"comment_status":"closed","ping_status":"closed","template":"100-width.php","meta":{"jetpack_post_was_ever_published":false,"footnotes":""},"class_list":["post-365","page","type-page","status-publish","hentry"],"yoast_head":"<!-- This site is optimized with the Yoast SEO plugin v25.1 - https:\/\/yoast.com\/wordpress\/plugins\/seo\/ -->\n<title>Preise - G\u00eetes d&#039;Alsace Stoffel<\/title>\n<meta name=\"robots\" content=\"index, follow, max-snippet:-1, max-image-preview:large, max-video-preview:-1\" \/>\n<link rel=\"canonical\" href=\"https:\/\/gites-stoffel.fr\/de\/preise\/\" \/>\n<meta property=\"og:locale\" content=\"de_DE\" \/>\n<meta property=\"og:type\" content=\"article\" \/>\n<meta property=\"og:title\" content=\"Preise - G\u00eetes d&#039;Alsace Stoffel\" \/>\n<meta property=\"og:url\" content=\"https:\/\/gites-stoffel.fr\/de\/preise\/\" \/>\n<meta property=\"og:site_name\" content=\"G\u00eetes d&#039;Alsace Stoffel\" \/>\n<meta property=\"article:modified_time\" content=\"2025-04-02T14:48:58+00:00\" \/>\n<meta name=\"twitter:card\" content=\"summary_large_image\" \/>\n<meta name=\"twitter:label1\" content=\"Gesch\u00e4tzte Lesezeit\" \/>\n\t<meta name=\"twitter:data1\" content=\"3\u00a0Minuten\" \/>\n<script type=\"application\/ld+json\" class=\"yoast-schema-graph\">{\"@context\":\"https:\/\/schema.org\",\"@graph\":[{\"@type\":\"WebPage\",\"@id\":\"https:\/\/gites-stoffel.fr\/de\/preise\/\",\"url\":\"https:\/\/gites-stoffel.fr\/de\/preise\/\",\"name\":\"Preise - G\u00eetes d&#039;Alsace Stoffel\",\"isPartOf\":{\"@id\":\"https:\/\/gites-stoffel.fr\/#website\"},\"datePublished\":\"2016-08-23T10:22:55+00:00\",\"dateModified\":\"2025-04-02T14:48:58+00:00\",\"breadcrumb\":{\"@id\":\"https:\/\/gites-stoffel.fr\/de\/preise\/#breadcrumb\"},\"inLanguage\":\"de\",\"potentialAction\":[{\"@type\":\"ReadAction\",\"target\":[\"https:\/\/gites-stoffel.fr\/de\/preise\/\"]}]},{\"@type\":\"BreadcrumbList\",\"@id\":\"https:\/\/gites-stoffel.fr\/de\/preise\/#breadcrumb\",\"itemListElement\":[{\"@type\":\"ListItem\",\"position\":1,\"name\":\"Accueil\",\"item\":\"https:\/\/gites-stoffel.fr\/de\/\"},{\"@type\":\"ListItem\",\"position\":2,\"name\":\"Preise\"}]},{\"@type\":\"WebSite\",\"@id\":\"https:\/\/gites-stoffel.fr\/#website\",\"url\":\"https:\/\/gites-stoffel.fr\/\",\"name\":\"G\u00eetes d&#039;Alsace Stoffel\",\"description\":\"Location g\u00eetes et meubl\u00e9s \u00e0 Dettwiller\",\"potentialAction\":[{\"@type\":\"SearchAction\",\"target\":{\"@type\":\"EntryPoint\",\"urlTemplate\":\"https:\/\/gites-stoffel.fr\/?s={search_term_string}\"},\"query-input\":{\"@type\":\"PropertyValueSpecification\",\"valueRequired\":true,\"valueName\":\"search_term_string\"}}],\"inLanguage\":\"de\"}]}<\/script>\n<!-- \/ Yoast SEO plugin. -->","yoast_head_json":{"title":"Preise - G\u00eetes d&#039;Alsace Stoffel","robots":{"index":"index","follow":"follow","max-snippet":"max-snippet:-1","max-image-preview":"max-image-preview:large","max-video-preview":"max-video-preview:-1"},"canonical":"https:\/\/gites-stoffel.fr\/de\/preise\/","og_locale":"de_DE","og_type":"article","og_title":"Preise - G\u00eetes d&#039;Alsace Stoffel","og_url":"https:\/\/gites-stoffel.fr\/de\/preise\/","og_site_name":"G\u00eetes d&#039;Alsace Stoffel","article_modified_time":"2025-04-02T14:48:58+00:00","twitter_card":"summary_large_image","twitter_misc":{"Gesch\u00e4tzte Lesezeit":"3\u00a0Minuten"},"schema":{"@context":"https:\/\/schema.org","@graph":[{"@type":"WebPage","@id":"https:\/\/gites-stoffel.fr\/de\/preise\/","url":"https:\/\/gites-stoffel.fr\/de\/preise\/","name":"Preise - G\u00eetes d&#039;Alsace Stoffel","isPartOf":{"@id":"https:\/\/gites-stoffel.fr\/#website"},"datePublished":"2016-08-23T10:22:55+00:00","dateModified":"2025-04-02T14:48:58+00:00","breadcrumb":{"@id":"https:\/\/gites-stoffel.fr\/de\/preise\/#breadcrumb"},"inLanguage":"de","potentialAction":[{"@type":"ReadAction","target":["https:\/\/gites-stoffel.fr\/de\/preise\/"]}]},{"@type":"BreadcrumbList","@id":"https:\/\/gites-stoffel.fr\/de\/preise\/#breadcrumb","itemListElement":[{"@type":"ListItem","position":1,"name":"Accueil","item":"https:\/\/gites-stoffel.fr\/de\/"},{"@type":"ListItem","position":2,"name":"Preise"}]},{"@type":"WebSite","@id":"https:\/\/gites-stoffel.fr\/#website","url":"https:\/\/gites-stoffel.fr\/","name":"G\u00eetes d&#039;Alsace Stoffel","description":"Location g\u00eetes et meubl\u00e9s \u00e0 Dettwiller","potentialAction":[{"@type":"SearchAction","target":{"@type":"EntryPoint","urlTemplate":"https:\/\/gites-stoffel.fr\/?s={search_term_string}"},"query-input":{"@type":"PropertyValueSpecification","valueRequired":true,"valueName":"search_term_string"}}],"inLanguage":"de"}]}},"jetpack_sharing_enabled":true,"jetpack_shortlink":"https:\/\/wp.me\/P4n1Om-5T","jetpack-related-posts":[],"_links":{"self":[{"href":"https:\/\/gites-stoffel.fr\/de\/wp-json\/wp\/v2\/pages\/365","targetHints":{"allow":["GET"]}}],"collection":[{"href":"https:\/\/gites-stoffel.fr\/de\/wp-json\/wp\/v2\/pages"}],"about":[{"href":"https:\/\/gites-stoffel.fr\/de\/wp-json\/wp\/v2\/types\/page"}],"author":[{"embeddable":true,"href":"https:\/\/gites-stoffel.fr\/de\/wp-json\/wp\/v2\/users\/1"}],"replies":[{"embeddable":true,"href":"https:\/\/gites-stoffel.fr\/de\/wp-json\/wp\/v2\/comments?post=365"}],"version-history":[{"count":10,"href":"https:\/\/gites-stoffel.fr\/de\/wp-json\/wp\/v2\/pages\/365\/revisions"}],"predecessor-version":[{"id":850,"href":"https:\/\/gites-stoffel.fr\/de\/wp-json\/wp\/v2\/pages\/365\/revisions\/850"}],"wp:attachment":[{"href":"https:\/\/gites-stoffel.fr\/de\/wp-json\/wp\/v2\/media?parent=365"}],"curies":[{"name":"wp","href":"https:\/\/api.w.org\/{rel}","templated":true}]}}