{"id":359,"date":"2016-08-23T10:05:03","date_gmt":"2016-08-23T10:05:03","guid":{"rendered":"http:\/\/gites-stoffel.fr\/?page_id=359&#038;lang=de"},"modified":"2019-10-31T11:10:34","modified_gmt":"2019-10-31T11:10:34","slug":"adresse","status":"publish","type":"page","link":"https:\/\/gites-stoffel.fr\/de\/adresse\/","title":{"rendered":"Adresse"},"content":{"rendered":"<p><div class=\"fusion-fullwidth fullwidth-box fusion-builder-row-1 hundred-percent-fullwidth non-hundred-percent-height-scrolling\" style=\"--awb-border-radius-top-left:0px;--awb-border-radius-top-right:0px;--awb-border-radius-bottom-right:0px;--awb-border-radius-bottom-left:0px;--awb-overflow:visible;--awb-padding-right:30px;--awb-padding-left:30px;\" ><div class=\"fusion-builder-row fusion-row\"><div class=\"fusion-layout-column fusion_builder_column fusion-builder-column-0 fusion_builder_column_1_1 1_1 fusion-one-full fusion-column-first fusion-column-last fusion-column-no-min-height\" style=\"--awb-bg-size:cover;--awb-margin-top:0px;--awb-margin-bottom:0px;\"><div class=\"fusion-column-wrapper fusion-flex-column-wrapper-legacy\"><div class=\"fusion-text fusion-text-1\"><h1 style=\"text-align: center;\"><strong><span style=\"color: #3cbadd;\">Adresse<\/span><\/strong><\/h1>\n<\/div><div class=\"fusion-clearfix\"><\/div><\/div><\/div><\/div><\/div><div class=\"fusion-fullwidth fullwidth-box fusion-builder-row-2 nonhundred-percent-fullwidth non-hundred-percent-height-scrolling\" style=\"--awb-background-position:left top;--awb-border-radius-top-left:0px;--awb-border-radius-top-right:0px;--awb-border-radius-bottom-right:0px;--awb-border-radius-bottom-left:0px;--awb-padding-top:20px;--awb-padding-bottom:20px;--awb-border-sizes-top:0px;--awb-border-sizes-bottom:0px;\" ><div class=\"fusion-builder-row fusion-row\"><div class=\"fusion-layout-column fusion_builder_column fusion-builder-column-1 fusion_builder_column_1_3 1_3 fusion-one-third fusion-column-first imgFacadeContact\" style=\"--awb-bg-size:cover;width:30.6666%; margin-right: 4%;\"><div class=\"fusion-column-wrapper fusion-flex-column-wrapper-legacy\"><div class=\"fusion-image-element in-legacy-container\" style=\"--awb-caption-title-font-family:var(--h2_typography-font-family);--awb-caption-title-font-weight:var(--h2_typography-font-weight);--awb-caption-title-font-style:var(--h2_typography-font-style);--awb-caption-title-size:var(--h2_typography-font-size);--awb-caption-title-transform:var(--h2_typography-text-transform);--awb-caption-title-line-height:var(--h2_typography-line-height);--awb-caption-title-letter-spacing:var(--h2_typography-letter-spacing);\"><span class=\" fusion-imageframe imageframe-none imageframe-1 hover-type-none\" class=\"image-magnify\" class=\"image-scroll\"><img data-recalc-dims=\"1\" decoding=\"async\" src=\"https:\/\/i0.wp.com\/gites-stoffel.fr\/wp-content\/uploads\/2011\/04\/devant.jpg?w=1220\" alt class=\"img-responsive\"\/><\/span><\/div><div class=\"fusion-clearfix\"><\/div><\/div><\/div><div class=\"fusion-layout-column fusion_builder_column fusion-builder-column-2 fusion_builder_column_2_3 2_3 fusion-two-third fusion-column-last contentContact\" style=\"--awb-padding-right:92.5px;--awb-padding-bottom:92.5px;--awb-padding-left:190px;--awb-bg-size:cover;--awb-margin-bottom:0px;width:65.3333%;\"><div class=\"fusion-column-wrapper fusion-flex-column-wrapper-legacy\"><div class=\"fusion-text fusion-text-2\"><h2 style=\"text-align: justify;\"><strong><span style=\"color: #3cbadd;\">G\u00eetes STOFFEL (Alsace \/ France)<\/span><\/strong><\/h2>\n<p style=\"text-align: left;\"><div class=\"fusion-fa-align-left\"><i class=\"fb-icon-element-1 fb-icon-element fontawesome-icon fa fa-user circle-no\" style=\"--awb-iconcolor:#3cbadd;--awb-iconcolor-hover:#3cbadd;--awb-font-size:17px;--awb-margin-right:8.5px;\"><\/i><\/div>STOFFEL\u00a0Simone et Norbert<\/p>\n<p style=\"text-align: left;\"><div class=\"fusion-fa-align-left\"><i class=\"fb-icon-element-2 fb-icon-element fontawesome-icon fa fa-map-marker circle-no\" style=\"--awb-iconcolor:#3cbadd;--awb-iconcolor-hover:#3cbadd;--awb-font-size:17px;--awb-margin-right:8.5px;\"><\/i><\/div>3 rue des Bouchers 67490 DETTWILLER France<\/p>\n<p style=\"text-align: left;\"><div class=\"fusion-fa-align-left\"><i class=\"fb-icon-element-3 fb-icon-element fontawesome-icon fa fa-phone circle-no\" style=\"--awb-iconcolor:#3cbadd;--awb-iconcolor-hover:#3cbadd;--awb-font-size:17px;--awb-margin-right:8.5px;\"><\/i><\/div>00 33 (0)3 88 91 42 08 <strong>Mobile: 00 33 (0)6 72 36 59 56<\/strong><\/p>\n<p style=\"text-align: left;\"><strong><div class=\"fusion-fa-align-left\"><i class=\"fb-icon-element-4 fb-icon-element fontawesome-icon fa fa-envelope-o circle-no\" style=\"--awb-iconcolor:#3cbadd;--awb-iconcolor-hover:#3cbadd;--awb-font-size:17px;--awb-margin-right:8.5px;\"><\/i><\/div> <a href=\"mailto:norbert.stoffel@orange.fr\">norbert.stoffel@orange.fr<\/a><\/strong><\/p>\n<\/div><div class=\"fusion-image-element fusion-image-align-center in-legacy-container\" style=\"text-align:center;--awb-caption-title-font-family:var(--h2_typography-font-family);--awb-caption-title-font-weight:var(--h2_typography-font-weight);--awb-caption-title-font-style:var(--h2_typography-font-style);--awb-caption-title-size:var(--h2_typography-font-size);--awb-caption-title-transform:var(--h2_typography-text-transform);--awb-caption-title-line-height:var(--h2_typography-line-height);--awb-caption-title-letter-spacing:var(--h2_typography-letter-spacing);\"><div class=\"imageframe-align-center\"><span class=\" fusion-imageframe imageframe-none imageframe-2 hover-type-none imgContactStoffel fusion-no-small-visibility\" class=\"image-magnify\" class=\"image-scroll\"><img data-recalc-dims=\"1\" decoding=\"async\" src=\"https:\/\/i0.wp.com\/gites-stoffel.fr\/wp-content\/uploads\/2011\/04\/norbert-simone-.jpg?w=1220\" alt class=\"img-responsive\"\/><\/span><\/div><\/div><div class=\"fusion-clearfix\"><\/div><\/div><\/div><div class=\"fusion-layout-column fusion_builder_column fusion-builder-column-3 fusion_builder_column_1_1 1_1 fusion-one-full fusion-column-first fusion-column-last fusion-column-no-min-height\" style=\"--awb-bg-size:cover;--awb-margin-top:0px;--awb-margin-bottom:0px;\"><div class=\"fusion-column-wrapper fusion-flex-column-wrapper-legacy\"><div class=\"fusion-sep-clear\"><\/div><div class=\"fusion-separator fusion-full-width-sep\" style=\"margin-left: auto;margin-right: auto;margin-top:2%;width:100%;\"><\/div><div class=\"fusion-sep-clear\"><\/div><div class=\"fusion-clearfix\"><\/div><\/div><\/div><div class=\"fusion-layout-column fusion_builder_column fusion-builder-column-4 fusion_builder_column_1_2 1_2 fusion-one-half fusion-column-first\" style=\"--awb-bg-size:cover;width:48%; margin-right: 4%;\"><div class=\"fusion-column-wrapper fusion-flex-column-wrapper-legacy\">\n<div class=\"wpcf7 no-js\" id=\"wpcf7-f361-o1\" lang=\"fr-FR\" dir=\"ltr\" data-wpcf7-id=\"361\">\n<div class=\"screen-reader-response\"><p role=\"status\" aria-live=\"polite\" aria-atomic=\"true\"><\/p> <ul><\/ul><\/div>\n<form action=\"\/de\/wp-json\/wp\/v2\/pages\/359#wpcf7-f361-o1\" method=\"post\" class=\"wpcf7-form init\" aria-label=\"Formulaire de contact\" novalidate=\"novalidate\" data-status=\"init\">\n<div style=\"display: none;\">\n<input type=\"hidden\" name=\"_wpcf7\" value=\"361\" \/>\n<input type=\"hidden\" name=\"_wpcf7_version\" value=\"6.0.6\" \/>\n<input type=\"hidden\" name=\"_wpcf7_locale\" value=\"fr_FR\" \/>\n<input type=\"hidden\" name=\"_wpcf7_unit_tag\" value=\"wpcf7-f361-o1\" \/>\n<input type=\"hidden\" name=\"_wpcf7_container_post\" value=\"0\" \/>\n<input type=\"hidden\" name=\"_wpcf7_posted_data_hash\" value=\"\" \/>\n<\/div>\n<p><label> Name, Vorname (Pflichtfelder)<br \/>\n<span class=\"wpcf7-form-control-wrap\" data-name=\"your-name\"><input size=\"40\" maxlength=\"400\" class=\"wpcf7-form-control wpcf7-text wpcf7-validates-as-required\" aria-required=\"true\" aria-invalid=\"false\" value=\"\" type=\"text\" name=\"your-name\" \/><\/span> <\/label>\n<\/p>\n<p><label> Email (Pflichtfelder)<br \/>\n<span class=\"wpcf7-form-control-wrap\" data-name=\"your-email\"><input size=\"40\" maxlength=\"400\" class=\"wpcf7-form-control wpcf7-email wpcf7-validates-as-required wpcf7-text wpcf7-validates-as-email\" aria-required=\"true\" aria-invalid=\"false\" value=\"\" type=\"email\" name=\"your-email\" \/><\/span> <\/label>\n<\/p>\n<p><label> Kommentar<br \/>\n<span class=\"wpcf7-form-control-wrap\" data-name=\"your-message\"><textarea cols=\"40\" rows=\"10\" maxlength=\"2000\" class=\"wpcf7-form-control wpcf7-textarea\" aria-invalid=\"false\" name=\"your-message\"><\/textarea><\/span> <\/label>\n<\/p>\n<p><span class=\"wpcf7-form-control-wrap\" data-name=\"rgpd\"><span class=\"wpcf7-form-control wpcf7-checkbox wpcf7-validates-as-required\"><span class=\"wpcf7-list-item first last\"><input type=\"checkbox\" name=\"rgpd[]\" value=\"Ich habe die Datenschutzerkl\u00e4rung der Website gelesen und akzeptiere sie. Ich verstehe, dass meine pers\u00f6nlichen Daten bei der \u00dcbermittlung von Daten \u00fcber dieses Kontaktformular und nach dem Klicken auf den &#039;Senden&#039; -Button nur an den Site-Manager gesendet werden, damit dieser antworten kann.\" \/><span class=\"wpcf7-list-item-label\">Ich habe die Datenschutzerkl\u00e4rung der Website gelesen und akzeptiere sie. Ich verstehe, dass meine pers\u00f6nlichen Daten bei der \u00dcbermittlung von Daten \u00fcber dieses Kontaktformular und nach dem Klicken auf den &#039;Senden&#039; -Button nur an den Site-Manager gesendet werden, damit dieser antworten kann.<\/span><\/span><\/span><\/span>\n<\/p>\n<p><input type=\"hidden\" name=\"_wpcf7_captcha_challenge_captcha-1\" value=\"2624960479\" \/><img data-recalc-dims=\"1\" decoding=\"async\" class=\"wpcf7-form-control wpcf7-captchac wpcf7-captcha-captcha-1\" width=\"72\" height=\"24\" alt=\"captcha\" src=\"https:\/\/i0.wp.com\/gites-stoffel.fr\/wp-content\/uploads\/wpcf7_captcha\/2624960479.png?resize=72%2C24&#038;ssl=1\" \/>\n<\/p>\n<p>Den Code hier eingeben:\n<\/p>\n<p><span class=\"wpcf7-form-control-wrap\" data-name=\"captcha-1\"><input size=\"40\" class=\"wpcf7-form-control wpcf7-captchar\" autocomplete=\"off\" aria-invalid=\"false\" value=\"\" type=\"text\" name=\"captcha-1\" \/><\/span>\n<\/p>\n<p><input class=\"wpcf7-form-control wpcf7-submit has-spinner\" type=\"submit\" value=\"Senden\" \/>\n<\/p><div class=\"fusion-alert alert custom alert-custom fusion-alert-center wpcf7-response-output alert-dismissable\" style=\"--awb-border-size:1px;\" role=\"alert\"><div class=\"fusion-alert-content-wrapper\"><span class=\"fusion-alert-content\"><\/span><\/div><button type=\"button\" class=\"close toggle-alert\" data-dismiss=\"alert\" aria-label=\"Close\">&times;<\/button><\/div>\n<\/form>\n<\/div>\n<div class=\"fusion-clearfix\"><\/div><\/div><\/div><div class=\"fusion-layout-column fusion_builder_column fusion-builder-column-5 fusion_builder_column_1_2 1_2 fusion-one-half fusion-column-last\" style=\"--awb-bg-size:cover;width:48%;\"><div class=\"fusion-column-wrapper fusion-flex-column-wrapper-legacy\"><div class=\"fusion-column-content-centered\"><div class=\"fusion-column-content\">\t\t\t\t\t<script type=\"text\/javascript\">\n\t\t\t\t\t\tvar map_fusion_map_69d2a0cf3b768;\n\t\t\t\t\t\tvar markers = [];\n\t\t\t\t\t\tvar counter = 0;\n\t\t\t\t\t\t\t\t\t\t\t\t\t\t\t\t\t\t\t\tvar fusionMapNonce = '1858b5c8ca';\n\t\t\t\t\t\t\t\t\t\t\t\tfunction fusion_run_map_fusion_map_69d2a0cf3b768() {\n\t\t\t\t\t\t\tjQuery('#fusion_map_69d2a0cf3b768').fusion_maps({\n\t\t\t\t\t\t\t\taddresses: [{\"address\":\"3 rue des Bouchers 67490 DETTWILLER\",\"infobox_content\":\"3 rue des Bouchers 67490 DETTWILLER\",\"coordinates\":false,\"cache\":true,\"latitude\":\"48.7538554\",\"longitude\":\"7.466345799999999\"}],\n\t\t\t\t\t\t\t\tanimations: true,\n\t\t\t\t\t\t\t\tinfobox_background_color: '',\n\t\t\t\t\t\t\t\tinfobox_styling: 'default',\n\t\t\t\t\t\t\t\tinfobox_text_color: '#3bbadd',\n\t\t\t\t\t\t\t\tmap_style: 'default',\n\t\t\t\t\t\t\t\tmap_type: 'hybrid',\n\t\t\t\t\t\t\t\tmarker_icon: '',\n\t\t\t\t\t\t\t\toverlay_color: '',\n\t\t\t\t\t\t\t\toverlay_color_hsl: {\"hue\":0,\"sat\":0,\"lum\":100},\n\t\t\t\t\t\t\t\tpan_control: true,\n\t\t\t\t\t\t\t\tshow_address: true,\n\t\t\t\t\t\t\t\tscale_control: true,\n\t\t\t\t\t\t\t\tscrollwheel: true,\n\t\t\t\t\t\t\t\tzoom: 14,\n\t\t\t\t\t\t\t\tzoom_control: true,\n\t\t\t\t\t\t\t});\n\t\t\t\t\t\t}\n\n\t\t\t\t\t\tgoogle.maps.event.addDomListener(window, 'load', fusion_run_map_fusion_map_69d2a0cf3b768);\n\t\t\t\t\t<\/script>\n\t\t\t\t\t<div class=\"shortcode-map fusion-google-map fusion-maps-js-type carte_google\" style=\"--awb-height:495px;\" id=\"fusion_map_69d2a0cf3b768\"><\/div><\/div><\/div><div class=\"fusion-clearfix\"><\/div><\/div><\/div><\/div><\/div><\/p>\n","protected":false},"excerpt":{"rendered":"","protected":false},"author":1,"featured_media":0,"parent":0,"menu_order":0,"comment_status":"closed","ping_status":"closed","template":"100-width.php","meta":{"jetpack_post_was_ever_published":false,"footnotes":""},"class_list":["post-359","page","type-page","status-publish","hentry"],"yoast_head":"<!-- This site is optimized with the Yoast SEO plugin v25.1 - https:\/\/yoast.com\/wordpress\/plugins\/seo\/ -->\n<title>Adresse - G\u00eetes d&#039;Alsace Stoffel<\/title>\n<meta name=\"robots\" content=\"index, follow, max-snippet:-1, max-image-preview:large, max-video-preview:-1\" \/>\n<link rel=\"canonical\" href=\"https:\/\/gites-stoffel.fr\/de\/adresse\/\" \/>\n<meta property=\"og:locale\" content=\"de_DE\" \/>\n<meta property=\"og:type\" content=\"article\" \/>\n<meta property=\"og:title\" content=\"Adresse - G\u00eetes d&#039;Alsace Stoffel\" \/>\n<meta property=\"og:url\" content=\"https:\/\/gites-stoffel.fr\/de\/adresse\/\" \/>\n<meta property=\"og:site_name\" content=\"G\u00eetes d&#039;Alsace Stoffel\" \/>\n<meta property=\"article:modified_time\" content=\"2019-10-31T11:10:34+00:00\" \/>\n<meta property=\"og:image\" content=\"http:\/\/gites-stoffel.fr\/wp-content\/uploads\/2011\/04\/devant.jpg\" \/>\n<meta name=\"twitter:card\" content=\"summary_large_image\" \/>\n<meta name=\"twitter:label1\" content=\"Gesch\u00e4tzte Lesezeit\" \/>\n\t<meta name=\"twitter:data1\" content=\"4\u00a0Minuten\" \/>\n<script type=\"application\/ld+json\" class=\"yoast-schema-graph\">{\"@context\":\"https:\/\/schema.org\",\"@graph\":[{\"@type\":\"WebPage\",\"@id\":\"https:\/\/gites-stoffel.fr\/de\/adresse\/\",\"url\":\"https:\/\/gites-stoffel.fr\/de\/adresse\/\",\"name\":\"Adresse - G\u00eetes d&#039;Alsace Stoffel\",\"isPartOf\":{\"@id\":\"https:\/\/gites-stoffel.fr\/#website\"},\"primaryImageOfPage\":{\"@id\":\"https:\/\/gites-stoffel.fr\/de\/adresse\/#primaryimage\"},\"image\":{\"@id\":\"https:\/\/gites-stoffel.fr\/de\/adresse\/#primaryimage\"},\"thumbnailUrl\":\"http:\/\/gites-stoffel.fr\/wp-content\/uploads\/2011\/04\/devant.jpg\",\"datePublished\":\"2016-08-23T10:05:03+00:00\",\"dateModified\":\"2019-10-31T11:10:34+00:00\",\"breadcrumb\":{\"@id\":\"https:\/\/gites-stoffel.fr\/de\/adresse\/#breadcrumb\"},\"inLanguage\":\"de\",\"potentialAction\":[{\"@type\":\"ReadAction\",\"target\":[\"https:\/\/gites-stoffel.fr\/de\/adresse\/\"]}]},{\"@type\":\"ImageObject\",\"inLanguage\":\"de\",\"@id\":\"https:\/\/gites-stoffel.fr\/de\/adresse\/#primaryimage\",\"url\":\"http:\/\/gites-stoffel.fr\/wp-content\/uploads\/2011\/04\/devant.jpg\",\"contentUrl\":\"http:\/\/gites-stoffel.fr\/wp-content\/uploads\/2011\/04\/devant.jpg\"},{\"@type\":\"BreadcrumbList\",\"@id\":\"https:\/\/gites-stoffel.fr\/de\/adresse\/#breadcrumb\",\"itemListElement\":[{\"@type\":\"ListItem\",\"position\":1,\"name\":\"Accueil\",\"item\":\"https:\/\/gites-stoffel.fr\/de\/\"},{\"@type\":\"ListItem\",\"position\":2,\"name\":\"Adresse\"}]},{\"@type\":\"WebSite\",\"@id\":\"https:\/\/gites-stoffel.fr\/#website\",\"url\":\"https:\/\/gites-stoffel.fr\/\",\"name\":\"G\u00eetes d&#039;Alsace Stoffel\",\"description\":\"Location g\u00eetes et meubl\u00e9s \u00e0 Dettwiller\",\"potentialAction\":[{\"@type\":\"SearchAction\",\"target\":{\"@type\":\"EntryPoint\",\"urlTemplate\":\"https:\/\/gites-stoffel.fr\/?s={search_term_string}\"},\"query-input\":{\"@type\":\"PropertyValueSpecification\",\"valueRequired\":true,\"valueName\":\"search_term_string\"}}],\"inLanguage\":\"de\"}]}<\/script>\n<!-- \/ Yoast SEO plugin. -->","yoast_head_json":{"title":"Adresse - G\u00eetes d&#039;Alsace Stoffel","robots":{"index":"index","follow":"follow","max-snippet":"max-snippet:-1","max-image-preview":"max-image-preview:large","max-video-preview":"max-video-preview:-1"},"canonical":"https:\/\/gites-stoffel.fr\/de\/adresse\/","og_locale":"de_DE","og_type":"article","og_title":"Adresse - G\u00eetes d&#039;Alsace Stoffel","og_url":"https:\/\/gites-stoffel.fr\/de\/adresse\/","og_site_name":"G\u00eetes d&#039;Alsace Stoffel","article_modified_time":"2019-10-31T11:10:34+00:00","og_image":[{"url":"http:\/\/gites-stoffel.fr\/wp-content\/uploads\/2011\/04\/devant.jpg","type":"","width":"","height":""}],"twitter_card":"summary_large_image","twitter_misc":{"Gesch\u00e4tzte Lesezeit":"4\u00a0Minuten"},"schema":{"@context":"https:\/\/schema.org","@graph":[{"@type":"WebPage","@id":"https:\/\/gites-stoffel.fr\/de\/adresse\/","url":"https:\/\/gites-stoffel.fr\/de\/adresse\/","name":"Adresse - G\u00eetes d&#039;Alsace Stoffel","isPartOf":{"@id":"https:\/\/gites-stoffel.fr\/#website"},"primaryImageOfPage":{"@id":"https:\/\/gites-stoffel.fr\/de\/adresse\/#primaryimage"},"image":{"@id":"https:\/\/gites-stoffel.fr\/de\/adresse\/#primaryimage"},"thumbnailUrl":"http:\/\/gites-stoffel.fr\/wp-content\/uploads\/2011\/04\/devant.jpg","datePublished":"2016-08-23T10:05:03+00:00","dateModified":"2019-10-31T11:10:34+00:00","breadcrumb":{"@id":"https:\/\/gites-stoffel.fr\/de\/adresse\/#breadcrumb"},"inLanguage":"de","potentialAction":[{"@type":"ReadAction","target":["https:\/\/gites-stoffel.fr\/de\/adresse\/"]}]},{"@type":"ImageObject","inLanguage":"de","@id":"https:\/\/gites-stoffel.fr\/de\/adresse\/#primaryimage","url":"http:\/\/gites-stoffel.fr\/wp-content\/uploads\/2011\/04\/devant.jpg","contentUrl":"http:\/\/gites-stoffel.fr\/wp-content\/uploads\/2011\/04\/devant.jpg"},{"@type":"BreadcrumbList","@id":"https:\/\/gites-stoffel.fr\/de\/adresse\/#breadcrumb","itemListElement":[{"@type":"ListItem","position":1,"name":"Accueil","item":"https:\/\/gites-stoffel.fr\/de\/"},{"@type":"ListItem","position":2,"name":"Adresse"}]},{"@type":"WebSite","@id":"https:\/\/gites-stoffel.fr\/#website","url":"https:\/\/gites-stoffel.fr\/","name":"G\u00eetes d&#039;Alsace Stoffel","description":"Location g\u00eetes et meubl\u00e9s \u00e0 Dettwiller","potentialAction":[{"@type":"SearchAction","target":{"@type":"EntryPoint","urlTemplate":"https:\/\/gites-stoffel.fr\/?s={search_term_string}"},"query-input":{"@type":"PropertyValueSpecification","valueRequired":true,"valueName":"search_term_string"}}],"inLanguage":"de"}]}},"jetpack_sharing_enabled":true,"jetpack_shortlink":"https:\/\/wp.me\/P4n1Om-5N","jetpack-related-posts":[],"_links":{"self":[{"href":"https:\/\/gites-stoffel.fr\/de\/wp-json\/wp\/v2\/pages\/359","targetHints":{"allow":["GET"]}}],"collection":[{"href":"https:\/\/gites-stoffel.fr\/de\/wp-json\/wp\/v2\/pages"}],"about":[{"href":"https:\/\/gites-stoffel.fr\/de\/wp-json\/wp\/v2\/types\/page"}],"author":[{"embeddable":true,"href":"https:\/\/gites-stoffel.fr\/de\/wp-json\/wp\/v2\/users\/1"}],"replies":[{"embeddable":true,"href":"https:\/\/gites-stoffel.fr\/de\/wp-json\/wp\/v2\/comments?post=359"}],"version-history":[{"count":6,"href":"https:\/\/gites-stoffel.fr\/de\/wp-json\/wp\/v2\/pages\/359\/revisions"}],"predecessor-version":[{"id":793,"href":"https:\/\/gites-stoffel.fr\/de\/wp-json\/wp\/v2\/pages\/359\/revisions\/793"}],"wp:attachment":[{"href":"https:\/\/gites-stoffel.fr\/de\/wp-json\/wp\/v2\/media?parent=359"}],"curies":[{"name":"wp","href":"https:\/\/api.w.org\/{rel}","templated":true}]}}