{"id":349,"date":"2016-08-23T09:47:35","date_gmt":"2016-08-23T09:47:35","guid":{"rendered":"http:\/\/gites-stoffel.fr\/?page_id=349&#038;lang=de"},"modified":"2019-10-31T11:10:45","modified_gmt":"2019-10-31T11:10:45","slug":"empfang","status":"publish","type":"page","link":"https:\/\/gites-stoffel.fr\/de\/","title":{"rendered":"Empfang"},"content":{"rendered":"<div class=\"fusion-fullwidth fullwidth-box fusion-builder-row-1 hundred-percent-fullwidth non-hundred-percent-height-scrolling\" style=\"--awb-border-radius-top-left:0px;--awb-border-radius-top-right:0px;--awb-border-radius-bottom-right:0px;--awb-border-radius-bottom-left:0px;--awb-overflow:visible;\" ><div class=\"fusion-builder-row fusion-row\"><div class=\"fusion-layout-column fusion_builder_column fusion-builder-column-0 fusion_builder_column_1_1 1_1 fusion-one-full fusion-column-first fusion-column-last fusion-column-no-min-height\" style=\"--awb-bg-size:cover;--awb-margin-top:0px;--awb-margin-bottom:0px;\"><div class=\"fusion-column-wrapper fusion-flex-column-wrapper-legacy\"><div class=\"fusion-text fusion-text-1\">\n\t\t<style type=\"text\/css\">\n\t\t\t#gallery-1 {\n\t\t\t\tmargin: auto;\n\t\t\t}\n\t\t\t#gallery-1 .gallery-item {\n\t\t\t\tfloat: left;\n\t\t\t\tmargin-top: 10px;\n\t\t\t\ttext-align: center;\n\t\t\t\twidth: 33%;\n\t\t\t}\n\t\t\t#gallery-1 img {\n\t\t\t\tborder: 2px solid #cfcfcf;\n\t\t\t}\n\t\t\t#gallery-1 .gallery-caption {\n\t\t\t\tmargin-left: 0;\n\t\t\t}\n\t\t\t\/* see gallery_shortcode() in wp-includes\/media.php *\/\n\t\t<\/style>\n\t\t<div data-carousel-extra='{\"blog_id\":1,\"permalink\":\"https:\\\/\\\/gites-stoffel.fr\\\/de\\\/\"}' id='gallery-1' class='gallery galleryid-349 gallery-columns-3 gallery-size-large'><dl class='gallery-item'>\n\t\t\t<dt class='gallery-icon landscape'>\n\t\t\t\t<a data-rel=\"iLightbox[postimages]\" data-title=\"Fa\u00e7ade Gites Stoffel\" data-caption=\"\" href='https:\/\/gites-stoffel.fr\/de\/chambres-dhotes-gites\/attachment\/103_03761-2\/'><img decoding=\"async\" width=\"1024\" height=\"768\" src=\"https:\/\/i0.wp.com\/gites-stoffel.fr\/wp-content\/uploads\/2016\/08\/103_03761-1.jpg?fit=1024%2C768&amp;ssl=1\" class=\"attachment-large size-large\" alt=\"\" srcset=\"https:\/\/i0.wp.com\/gites-stoffel.fr\/wp-content\/uploads\/2016\/08\/103_03761-1.jpg?resize=200%2C150&amp;ssl=1 200w, https:\/\/i0.wp.com\/gites-stoffel.fr\/wp-content\/uploads\/2016\/08\/103_03761-1.jpg?resize=300%2C225&amp;ssl=1 300w, https:\/\/i0.wp.com\/gites-stoffel.fr\/wp-content\/uploads\/2016\/08\/103_03761-1.jpg?resize=400%2C300&amp;ssl=1 400w, https:\/\/i0.wp.com\/gites-stoffel.fr\/wp-content\/uploads\/2016\/08\/103_03761-1.jpg?resize=600%2C450&amp;ssl=1 600w, https:\/\/i0.wp.com\/gites-stoffel.fr\/wp-content\/uploads\/2016\/08\/103_03761-1.jpg?resize=768%2C576&amp;ssl=1 768w, https:\/\/i0.wp.com\/gites-stoffel.fr\/wp-content\/uploads\/2016\/08\/103_03761-1.jpg?resize=800%2C600&amp;ssl=1 800w, https:\/\/i0.wp.com\/gites-stoffel.fr\/wp-content\/uploads\/2016\/08\/103_03761-1.jpg?resize=1024%2C768&amp;ssl=1 1024w, https:\/\/i0.wp.com\/gites-stoffel.fr\/wp-content\/uploads\/2016\/08\/103_03761-1.jpg?resize=1200%2C900&amp;ssl=1 1200w, https:\/\/i0.wp.com\/gites-stoffel.fr\/wp-content\/uploads\/2016\/08\/103_03761-1.jpg?fit=1600%2C1200&amp;ssl=1 1600w\" sizes=\"(max-width: 1024px) 100vw, 1024px\" data-attachment-id=\"191\" data-permalink=\"https:\/\/gites-stoffel.fr\/de\/chambres-dhotes-gites\/attachment\/103_03761-2\/\" data-orig-file=\"https:\/\/i0.wp.com\/gites-stoffel.fr\/wp-content\/uploads\/2016\/08\/103_03761-1.jpg?fit=1600%2C1200&amp;ssl=1\" data-orig-size=\"1600,1200\" data-comments-opened=\"1\" data-image-meta=\"{&quot;aperture&quot;:&quot;0&quot;,&quot;credit&quot;:&quot;&quot;,&quot;camera&quot;:&quot;&quot;,&quot;caption&quot;:&quot;&quot;,&quot;created_timestamp&quot;:&quot;0&quot;,&quot;copyright&quot;:&quot;&quot;,&quot;focal_length&quot;:&quot;0&quot;,&quot;iso&quot;:&quot;0&quot;,&quot;shutter_speed&quot;:&quot;0&quot;,&quot;title&quot;:&quot;&quot;,&quot;orientation&quot;:&quot;0&quot;}\" data-image-title=\"Fa\u00e7ade Gites Stoffel\" data-image-description=\"\" data-image-caption=\"\" data-medium-file=\"https:\/\/i0.wp.com\/gites-stoffel.fr\/wp-content\/uploads\/2016\/08\/103_03761-1.jpg?fit=300%2C225&amp;ssl=1\" data-large-file=\"https:\/\/i0.wp.com\/gites-stoffel.fr\/wp-content\/uploads\/2016\/08\/103_03761-1.jpg?fit=1024%2C768&amp;ssl=1\" \/><\/a>\n\t\t\t<\/dt><\/dl><dl class='gallery-item'>\n\t\t\t<dt class='gallery-icon landscape'>\n\t\t\t\t<a data-rel=\"iLightbox[postimages]\" data-title=\"Int\u00e9rieur Cour G\u00eetes Stoffel\" data-caption=\"\" href='https:\/\/gites-stoffel.fr\/de\/chambres-dhotes-gites\/attachment\/cimg9199\/'><img decoding=\"async\" width=\"1024\" height=\"768\" src=\"https:\/\/i0.wp.com\/gites-stoffel.fr\/wp-content\/uploads\/2016\/08\/CIMG9199.jpg?fit=1024%2C768&amp;ssl=1\" class=\"attachment-large size-large\" alt=\"\" srcset=\"https:\/\/i0.wp.com\/gites-stoffel.fr\/wp-content\/uploads\/2016\/08\/CIMG9199.jpg?resize=200%2C150&amp;ssl=1 200w, https:\/\/i0.wp.com\/gites-stoffel.fr\/wp-content\/uploads\/2016\/08\/CIMG9199.jpg?resize=300%2C225&amp;ssl=1 300w, https:\/\/i0.wp.com\/gites-stoffel.fr\/wp-content\/uploads\/2016\/08\/CIMG9199.jpg?resize=400%2C300&amp;ssl=1 400w, https:\/\/i0.wp.com\/gites-stoffel.fr\/wp-content\/uploads\/2016\/08\/CIMG9199.jpg?resize=600%2C450&amp;ssl=1 600w, https:\/\/i0.wp.com\/gites-stoffel.fr\/wp-content\/uploads\/2016\/08\/CIMG9199.jpg?resize=768%2C576&amp;ssl=1 768w, https:\/\/i0.wp.com\/gites-stoffel.fr\/wp-content\/uploads\/2016\/08\/CIMG9199.jpg?resize=800%2C600&amp;ssl=1 800w, https:\/\/i0.wp.com\/gites-stoffel.fr\/wp-content\/uploads\/2016\/08\/CIMG9199.jpg?resize=1024%2C768&amp;ssl=1 1024w, https:\/\/i0.wp.com\/gites-stoffel.fr\/wp-content\/uploads\/2016\/08\/CIMG9199.jpg?resize=1200%2C900&amp;ssl=1 1200w, https:\/\/i0.wp.com\/gites-stoffel.fr\/wp-content\/uploads\/2016\/08\/CIMG9199.jpg?w=2440&amp;ssl=1 2440w, https:\/\/i0.wp.com\/gites-stoffel.fr\/wp-content\/uploads\/2016\/08\/CIMG9199.jpg?fit=2560%2C1920&amp;ssl=1 2560w\" sizes=\"(max-width: 1024px) 100vw, 1024px\" data-attachment-id=\"200\" data-permalink=\"https:\/\/gites-stoffel.fr\/de\/chambres-dhotes-gites\/attachment\/cimg9199\/\" data-orig-file=\"https:\/\/i0.wp.com\/gites-stoffel.fr\/wp-content\/uploads\/2016\/08\/CIMG9199.jpg?fit=2560%2C1920&amp;ssl=1\" data-orig-size=\"2560,1920\" data-comments-opened=\"1\" data-image-meta=\"{&quot;aperture&quot;:&quot;2.8&quot;,&quot;credit&quot;:&quot;&quot;,&quot;camera&quot;:&quot;EX-Z750&quot;,&quot;caption&quot;:&quot;&quot;,&quot;created_timestamp&quot;:&quot;1286738757&quot;,&quot;copyright&quot;:&quot;&quot;,&quot;focal_length&quot;:&quot;7.9&quot;,&quot;iso&quot;:&quot;0&quot;,&quot;shutter_speed&quot;:&quot;0.008&quot;,&quot;title&quot;:&quot;&quot;,&quot;orientation&quot;:&quot;1&quot;}\" data-image-title=\"Int\u00e9rieur Cour G\u00eetes Stoffel\" data-image-description=\"\" data-image-caption=\"\" data-medium-file=\"https:\/\/i0.wp.com\/gites-stoffel.fr\/wp-content\/uploads\/2016\/08\/CIMG9199.jpg?fit=300%2C225&amp;ssl=1\" data-large-file=\"https:\/\/i0.wp.com\/gites-stoffel.fr\/wp-content\/uploads\/2016\/08\/CIMG9199.jpg?fit=1024%2C768&amp;ssl=1\" \/><\/a>\n\t\t\t<\/dt><\/dl><dl class='gallery-item'>\n\t\t\t<dt class='gallery-icon landscape'>\n\t\t\t\t<a data-rel=\"iLightbox[postimages]\" data-title=\"Int\u00e9rieur Cour G\u00eetes Stoffel\" data-caption=\"\" href='https:\/\/gites-stoffel.fr\/de\/chambres-dhotes-gites\/attachment\/dsck005211\/'><img decoding=\"async\" width=\"1024\" height=\"768\" src=\"https:\/\/i0.wp.com\/gites-stoffel.fr\/wp-content\/uploads\/2016\/08\/DSCK005211.jpg?fit=1024%2C768&amp;ssl=1\" class=\"attachment-large size-large\" alt=\"\" srcset=\"https:\/\/i0.wp.com\/gites-stoffel.fr\/wp-content\/uploads\/2016\/08\/DSCK005211.jpg?resize=200%2C150&amp;ssl=1 200w, https:\/\/i0.wp.com\/gites-stoffel.fr\/wp-content\/uploads\/2016\/08\/DSCK005211.jpg?resize=300%2C225&amp;ssl=1 300w, https:\/\/i0.wp.com\/gites-stoffel.fr\/wp-content\/uploads\/2016\/08\/DSCK005211.jpg?resize=400%2C300&amp;ssl=1 400w, https:\/\/i0.wp.com\/gites-stoffel.fr\/wp-content\/uploads\/2016\/08\/DSCK005211.jpg?resize=600%2C450&amp;ssl=1 600w, https:\/\/i0.wp.com\/gites-stoffel.fr\/wp-content\/uploads\/2016\/08\/DSCK005211.jpg?resize=768%2C576&amp;ssl=1 768w, https:\/\/i0.wp.com\/gites-stoffel.fr\/wp-content\/uploads\/2016\/08\/DSCK005211.jpg?resize=800%2C600&amp;ssl=1 800w, https:\/\/i0.wp.com\/gites-stoffel.fr\/wp-content\/uploads\/2016\/08\/DSCK005211.jpg?resize=1024%2C768&amp;ssl=1 1024w, https:\/\/i0.wp.com\/gites-stoffel.fr\/wp-content\/uploads\/2016\/08\/DSCK005211.jpg?resize=1200%2C900&amp;ssl=1 1200w, https:\/\/i0.wp.com\/gites-stoffel.fr\/wp-content\/uploads\/2016\/08\/DSCK005211.jpg?fit=2048%2C1536&amp;ssl=1 2048w\" sizes=\"(max-width: 1024px) 100vw, 1024px\" data-attachment-id=\"197\" data-permalink=\"https:\/\/gites-stoffel.fr\/de\/chambres-dhotes-gites\/attachment\/dsck005211\/\" data-orig-file=\"https:\/\/i0.wp.com\/gites-stoffel.fr\/wp-content\/uploads\/2016\/08\/DSCK005211.jpg?fit=2048%2C1536&amp;ssl=1\" data-orig-size=\"2048,1536\" data-comments-opened=\"1\" data-image-meta=\"{&quot;aperture&quot;:&quot;0&quot;,&quot;credit&quot;:&quot;&quot;,&quot;camera&quot;:&quot;&quot;,&quot;caption&quot;:&quot;&quot;,&quot;created_timestamp&quot;:&quot;0&quot;,&quot;copyright&quot;:&quot;&quot;,&quot;focal_length&quot;:&quot;0&quot;,&quot;iso&quot;:&quot;0&quot;,&quot;shutter_speed&quot;:&quot;0&quot;,&quot;title&quot;:&quot;&quot;,&quot;orientation&quot;:&quot;0&quot;}\" data-image-title=\"Int\u00e9rieur Cour G\u00eetes Stoffel\" data-image-description=\"\" data-image-caption=\"\" data-medium-file=\"https:\/\/i0.wp.com\/gites-stoffel.fr\/wp-content\/uploads\/2016\/08\/DSCK005211.jpg?fit=300%2C225&amp;ssl=1\" data-large-file=\"https:\/\/i0.wp.com\/gites-stoffel.fr\/wp-content\/uploads\/2016\/08\/DSCK005211.jpg?fit=1024%2C768&amp;ssl=1\" \/><\/a>\n\t\t\t<\/dt><\/dl><br style=\"clear: both\" \/>\n\t\t<\/div>\n\n<p style=\"text-align: left;\"><strong>Hallo<\/strong>,<\/p>\n<p style=\"text-align: left;\">Wir\u00a0freuen\u00a0uns\u00a0Sie\u00a0in\u00a0<strong>unserem\u00a0Meister\u00a0Haus\u00a0mit\u00a0Dinghof<\/strong>\u00a0begr\u00fc\u00dfen\u00a0zud\u00fcrfen.\u00a0Unser Haus\u00a0w\u00fcrde\u00a0in den 1625\u00a0Jahren, erbaut und\u00a0in den Jahre\u00a01707 &amp; 1930\u00a0vergr\u00f6\u00dfert, es steht\u00a0heute\u00a0unter\u00a0Denkmalschutz.<\/p>\n<p style=\"text-align: left;\">Unser\u00a0Haus\u00a0liegt\u00a0in\u00a0<strong>Dettwiller<\/strong><u>, im\u00a0Dorfzentrum<\/u>, 200 Meter\u00a0vom\u00a0<strong>Bahnhof entfernt.<\/strong><\/p>\n<p style=\"text-align: left;\">Dettwiller\u00a0ist\u00a0ein\u00a0wichtiges\u00a0Dorf mit circa 2800 Einwohnern, es ist 8 km\u00a0von<strong> Saverne<\/strong>\u00a0<strong>und von Bouxwiller <\/strong>entfernt, es liegt 40 km\u00a0westlich\u00a0von\u00a0<a href=\"http:\/\/www.otstrasbourg.fr\/de\/\" target=\"_blank\" rel=\"noopener noreferrer\"><strong>Stra\u00dfburg<\/strong><\/a>\u00a0und ist in der\u00a0N\u00e4he\u00a0des <a href=\"http:\/\/www.parc-vosges-nord.fr\/\" target=\"_blank\" rel=\"noopener noreferrer\"><strong>N\u00f6rdlichen<\/strong>\u00a0<strong>Vosges\u00a0Regional Park<\/strong><\/a>.<\/p>\n<p style=\"text-align: left;\"><strong>Im Dorf\u00a0finden\u00a0Sie\u00a0<\/strong>Restaurants, Gesch\u00e4fte (Baker, Metzger, Superm\u00e4rkt),\u00a0Banken,\u00a0eine\u00a0Apotheke,\u00a0ein\u00a0Postamt,\u00a0KFZ Mechaniker und \u00c4rzte.<\/p>\n<p style=\"text-align: left;\"><strong>F\u00fcr\u00a0Ihre\u00a0Freizeit<\/strong>, werden Sie mehrere\u00a0<strong>Wanderwege finden. <\/strong>Es gibt auch vielen<strong>\u00a0Radtouren<\/strong>, die sorgf\u00e4ltig\u00a0gezeichnet\u00a0sind.<\/p>\n<p style=\"text-align: left;\">Das\u00a0<a href=\"http:\/\/www.tourisme-saverne.fr\/?lang=de\" target=\"_blank\" rel=\"noopener noreferrer\"><strong>Tourismusb\u00fcro\u00a0vom\u00a0Land<\/strong>\u00a0<strong>Saverne*<\/strong><\/a>\u00a0und von den\u00a0ber\u00fchmten<strong>\u00a0&#8222;<a href=\"http:\/\/www.club-vosgien.eu\/\" target=\"_blank\" rel=\"noopener noreferrer\">Clubs Vosgiens<\/a>&#8220; <\/strong>stehen Ihnen gerne zur Verf\u00fcgung<strong>.<\/strong><\/p>\n<p style=\"text-align: left;\"><strong>Dank mehreren\u00a0Stra\u00dfen\u00a0und\u00a0Schienenverbindungen\u00a0<\/strong>k\u00f6nnen\u00a0Sie\u00a0schnell\u00a0zu alle\u00a0Els\u00e4sser\u00a0(Stra\u00dfburg, Obernai, Selestat, Colmar, &#8230;) und\u00a0Mosellaner\u00a0(Metz, Nancy, &#8230;)\u00a0St\u00e4dte\u00a0bringen.<\/p>\n<p style=\"text-align: left;\">Sie\u00a0k\u00f6nnen uns gerne\u00a0nach\u00a0einer\u00a0Beratung\u00a0fragen.<\/p>\n<p style=\"text-align: left;\">Mit freundlichen Gr\u00fc\u00dfen,<\/p>\n<p style=\"text-align: justify;\"><strong>Simone et Norbert Stoffel<\/strong>.<\/p>\n<p style=\"text-align: justify;\"><img data-recalc-dims=\"1\" decoding=\"async\" class=\"aligncenter wp-image-27 size-full\" src=\"https:\/\/i0.wp.com\/gites-stoffel.fr\/wp-content\/uploads\/2011\/04\/norbert-simone-.jpg?resize=281%2C287\" alt=\"norbert simone\" width=\"281\" height=\"287\" srcset=\"https:\/\/i0.wp.com\/gites-stoffel.fr\/wp-content\/uploads\/2011\/04\/norbert-simone-.jpg?resize=66%2C66&amp;ssl=1 66w, https:\/\/i0.wp.com\/gites-stoffel.fr\/wp-content\/uploads\/2011\/04\/norbert-simone-.jpg?resize=200%2C204&amp;ssl=1 200w, https:\/\/i0.wp.com\/gites-stoffel.fr\/wp-content\/uploads\/2011\/04\/norbert-simone-.jpg?fit=281%2C287&amp;ssl=1 281w\" sizes=\"(max-width: 281px) 100vw, 281px\" \/><\/p>\n<\/div><div class=\"fusion-clearfix\"><\/div><\/div><\/div><\/div><\/div>\n","protected":false},"excerpt":{"rendered":"","protected":false},"author":1,"featured_media":0,"parent":0,"menu_order":0,"comment_status":"closed","ping_status":"closed","template":"","meta":{"jetpack_post_was_ever_published":false,"footnotes":""},"class_list":["post-349","page","type-page","status-publish","hentry"],"yoast_head":"<!-- This site is optimized with the Yoast SEO plugin v25.1 - https:\/\/yoast.com\/wordpress\/plugins\/seo\/ -->\n<title>Empfang - G\u00eetes d&#039;Alsace Stoffel<\/title>\n<meta name=\"robots\" content=\"index, follow, max-snippet:-1, max-image-preview:large, max-video-preview:-1\" \/>\n<link rel=\"canonical\" href=\"https:\/\/gites-stoffel.fr\/de\/\" \/>\n<meta property=\"og:locale\" content=\"de_DE\" \/>\n<meta property=\"og:type\" content=\"article\" \/>\n<meta property=\"og:title\" content=\"Empfang - G\u00eetes d&#039;Alsace Stoffel\" \/>\n<meta property=\"og:url\" content=\"https:\/\/gites-stoffel.fr\/de\/\" \/>\n<meta property=\"og:site_name\" content=\"G\u00eetes d&#039;Alsace Stoffel\" \/>\n<meta property=\"article:modified_time\" content=\"2019-10-31T11:10:45+00:00\" \/>\n<meta property=\"og:image\" content=\"http:\/\/gites-stoffel.fr\/wp-content\/uploads\/2011\/04\/norbert-simone-.jpg\" \/>\n<meta name=\"twitter:card\" content=\"summary_large_image\" \/>\n<meta name=\"twitter:label1\" content=\"Gesch\u00e4tzte Lesezeit\" \/>\n\t<meta name=\"twitter:data1\" content=\"1\u00a0Minute\" \/>\n<script type=\"application\/ld+json\" class=\"yoast-schema-graph\">{\"@context\":\"https:\/\/schema.org\",\"@graph\":[{\"@type\":\"WebPage\",\"@id\":\"https:\/\/gites-stoffel.fr\/de\/\",\"url\":\"https:\/\/gites-stoffel.fr\/de\/\",\"name\":\"Empfang - G\u00eetes d&#039;Alsace Stoffel\",\"isPartOf\":{\"@id\":\"https:\/\/gites-stoffel.fr\/#website\"},\"primaryImageOfPage\":{\"@id\":\"https:\/\/gites-stoffel.fr\/de\/#primaryimage\"},\"image\":{\"@id\":\"https:\/\/gites-stoffel.fr\/de\/#primaryimage\"},\"thumbnailUrl\":\"http:\/\/gites-stoffel.fr\/wp-content\/uploads\/2011\/04\/norbert-simone-.jpg\",\"datePublished\":\"2016-08-23T09:47:35+00:00\",\"dateModified\":\"2019-10-31T11:10:45+00:00\",\"breadcrumb\":{\"@id\":\"https:\/\/gites-stoffel.fr\/de\/#breadcrumb\"},\"inLanguage\":\"de\",\"potentialAction\":[{\"@type\":\"ReadAction\",\"target\":[\"https:\/\/gites-stoffel.fr\/de\/\"]}]},{\"@type\":\"ImageObject\",\"inLanguage\":\"de\",\"@id\":\"https:\/\/gites-stoffel.fr\/de\/#primaryimage\",\"url\":\"http:\/\/gites-stoffel.fr\/wp-content\/uploads\/2011\/04\/norbert-simone-.jpg\",\"contentUrl\":\"http:\/\/gites-stoffel.fr\/wp-content\/uploads\/2011\/04\/norbert-simone-.jpg\"},{\"@type\":\"BreadcrumbList\",\"@id\":\"https:\/\/gites-stoffel.fr\/de\/#breadcrumb\",\"itemListElement\":[{\"@type\":\"ListItem\",\"position\":1,\"name\":\"Accueil\",\"item\":\"https:\/\/gites-stoffel.fr\/de\/\"},{\"@type\":\"ListItem\",\"position\":2,\"name\":\"Empfang\"}]},{\"@type\":\"WebSite\",\"@id\":\"https:\/\/gites-stoffel.fr\/#website\",\"url\":\"https:\/\/gites-stoffel.fr\/\",\"name\":\"G\u00eetes d&#039;Alsace Stoffel\",\"description\":\"Location g\u00eetes et meubl\u00e9s \u00e0 Dettwiller\",\"potentialAction\":[{\"@type\":\"SearchAction\",\"target\":{\"@type\":\"EntryPoint\",\"urlTemplate\":\"https:\/\/gites-stoffel.fr\/?s={search_term_string}\"},\"query-input\":{\"@type\":\"PropertyValueSpecification\",\"valueRequired\":true,\"valueName\":\"search_term_string\"}}],\"inLanguage\":\"de\"}]}<\/script>\n<!-- \/ Yoast SEO plugin. -->","yoast_head_json":{"title":"Empfang - G\u00eetes d&#039;Alsace Stoffel","robots":{"index":"index","follow":"follow","max-snippet":"max-snippet:-1","max-image-preview":"max-image-preview:large","max-video-preview":"max-video-preview:-1"},"canonical":"https:\/\/gites-stoffel.fr\/de\/","og_locale":"de_DE","og_type":"article","og_title":"Empfang - G\u00eetes d&#039;Alsace Stoffel","og_url":"https:\/\/gites-stoffel.fr\/de\/","og_site_name":"G\u00eetes d&#039;Alsace Stoffel","article_modified_time":"2019-10-31T11:10:45+00:00","og_image":[{"url":"http:\/\/gites-stoffel.fr\/wp-content\/uploads\/2011\/04\/norbert-simone-.jpg","type":"","width":"","height":""}],"twitter_card":"summary_large_image","twitter_misc":{"Gesch\u00e4tzte Lesezeit":"1\u00a0Minute"},"schema":{"@context":"https:\/\/schema.org","@graph":[{"@type":"WebPage","@id":"https:\/\/gites-stoffel.fr\/de\/","url":"https:\/\/gites-stoffel.fr\/de\/","name":"Empfang - G\u00eetes d&#039;Alsace Stoffel","isPartOf":{"@id":"https:\/\/gites-stoffel.fr\/#website"},"primaryImageOfPage":{"@id":"https:\/\/gites-stoffel.fr\/de\/#primaryimage"},"image":{"@id":"https:\/\/gites-stoffel.fr\/de\/#primaryimage"},"thumbnailUrl":"http:\/\/gites-stoffel.fr\/wp-content\/uploads\/2011\/04\/norbert-simone-.jpg","datePublished":"2016-08-23T09:47:35+00:00","dateModified":"2019-10-31T11:10:45+00:00","breadcrumb":{"@id":"https:\/\/gites-stoffel.fr\/de\/#breadcrumb"},"inLanguage":"de","potentialAction":[{"@type":"ReadAction","target":["https:\/\/gites-stoffel.fr\/de\/"]}]},{"@type":"ImageObject","inLanguage":"de","@id":"https:\/\/gites-stoffel.fr\/de\/#primaryimage","url":"http:\/\/gites-stoffel.fr\/wp-content\/uploads\/2011\/04\/norbert-simone-.jpg","contentUrl":"http:\/\/gites-stoffel.fr\/wp-content\/uploads\/2011\/04\/norbert-simone-.jpg"},{"@type":"BreadcrumbList","@id":"https:\/\/gites-stoffel.fr\/de\/#breadcrumb","itemListElement":[{"@type":"ListItem","position":1,"name":"Accueil","item":"https:\/\/gites-stoffel.fr\/de\/"},{"@type":"ListItem","position":2,"name":"Empfang"}]},{"@type":"WebSite","@id":"https:\/\/gites-stoffel.fr\/#website","url":"https:\/\/gites-stoffel.fr\/","name":"G\u00eetes d&#039;Alsace Stoffel","description":"Location g\u00eetes et meubl\u00e9s \u00e0 Dettwiller","potentialAction":[{"@type":"SearchAction","target":{"@type":"EntryPoint","urlTemplate":"https:\/\/gites-stoffel.fr\/?s={search_term_string}"},"query-input":{"@type":"PropertyValueSpecification","valueRequired":true,"valueName":"search_term_string"}}],"inLanguage":"de"}]}},"jetpack_sharing_enabled":true,"jetpack_shortlink":"https:\/\/wp.me\/P4n1Om-5D","jetpack-related-posts":[],"_links":{"self":[{"href":"https:\/\/gites-stoffel.fr\/de\/wp-json\/wp\/v2\/pages\/349","targetHints":{"allow":["GET"]}}],"collection":[{"href":"https:\/\/gites-stoffel.fr\/de\/wp-json\/wp\/v2\/pages"}],"about":[{"href":"https:\/\/gites-stoffel.fr\/de\/wp-json\/wp\/v2\/types\/page"}],"author":[{"embeddable":true,"href":"https:\/\/gites-stoffel.fr\/de\/wp-json\/wp\/v2\/users\/1"}],"replies":[{"embeddable":true,"href":"https:\/\/gites-stoffel.fr\/de\/wp-json\/wp\/v2\/comments?post=349"}],"version-history":[{"count":6,"href":"https:\/\/gites-stoffel.fr\/de\/wp-json\/wp\/v2\/pages\/349\/revisions"}],"predecessor-version":[{"id":796,"href":"https:\/\/gites-stoffel.fr\/de\/wp-json\/wp\/v2\/pages\/349\/revisions\/796"}],"wp:attachment":[{"href":"https:\/\/gites-stoffel.fr\/de\/wp-json\/wp\/v2\/media?parent=349"}],"curies":[{"name":"wp","href":"https:\/\/api.w.org\/{rel}","templated":true}]}}